{"id":12,"date":"2023-04-03T16:34:01","date_gmt":"2023-04-03T16:34:01","guid":{"rendered":"https:\/\/elcansancio.com\/?page_id=12"},"modified":"2023-08-31T16:37:15","modified_gmt":"2023-08-31T16:37:15","slug":"lo-nunca-visto","status":"publish","type":"page","link":"https:\/\/elcansancio.com\/","title":{"rendered":"Lo Nunca Visto"},"content":{"rendered":"\n<div class=\"wp-block-columns is-layout-flex wp-container-core-columns-is-layout-9d6595d7 wp-block-columns-is-layout-flex\">\n<div class=\"wp-block-column is-layout-flow wp-block-column-is-layout-flow\" style=\"flex-basis:100%\"><div class=\"wp-block-image is-style-default\">\n<figure class=\"aligncenter is-resized\"><img loading=\"lazy\" decoding=\"async\" src=\"https:\/\/elcansancio.com\/wp-content\/uploads\/2023\/04\/LNV_CARTELLL_QUADRE-752x1024.jpg\" alt=\"\" class=\"wp-image-6\" width=\"608\" height=\"827\" srcset=\"https:\/\/elcansancio.com\/wp-content\/uploads\/2023\/04\/LNV_CARTELLL_QUADRE-752x1024.jpg 752w, https:\/\/elcansancio.com\/wp-content\/uploads\/2023\/04\/LNV_CARTELLL_QUADRE-220x300.jpg 220w, https:\/\/elcansancio.com\/wp-content\/uploads\/2023\/04\/LNV_CARTELLL_QUADRE-768x1046.jpg 768w, https:\/\/elcansancio.com\/wp-content\/uploads\/2023\/04\/LNV_CARTELLL_QUADRE-1128x1536.jpg 1128w, https:\/\/elcansancio.com\/wp-content\/uploads\/2023\/04\/LNV_CARTELLL_QUADRE-1504x2048.jpg 1504w, https:\/\/elcansancio.com\/wp-content\/uploads\/2023\/04\/LNV_CARTELLL_QUADRE-1568x2135.jpg 1568w, https:\/\/elcansancio.com\/wp-content\/uploads\/2023\/04\/LNV_CARTELLL_QUADRE-scaled.jpg 1880w\" sizes=\"auto, (max-width: 608px) 100vw, 608px\" \/><\/figure>\n<\/div><\/div>\n<\/div>\n\n\n\n<hr class=\"wp-block-separator has-text-color has-white-color has-alpha-channel-opacity has-white-background-color has-background is-style-dots\"\/>\n\n\n<div class=\"wp-block-image\">\n<figure class=\"aligncenter size-large is-resized\"><a href=\"https:\/\/www.mpcmanagement.es\/espectaculos\/berto-romero\" target=\"_blank\" rel=\"noreferrer noopener\"><img loading=\"lazy\" decoding=\"async\" src=\"https:\/\/elcansancio.com\/wp-content\/uploads\/2023\/04\/entradas-1024x167.png\" alt=\"\" class=\"wp-image-24\" width=\"256\" height=\"42\" srcset=\"https:\/\/elcansancio.com\/wp-content\/uploads\/2023\/04\/entradas-1024x167.png 1024w, https:\/\/elcansancio.com\/wp-content\/uploads\/2023\/04\/entradas-300x49.png 300w, https:\/\/elcansancio.com\/wp-content\/uploads\/2023\/04\/entradas-768x125.png 768w, https:\/\/elcansancio.com\/wp-content\/uploads\/2023\/04\/entradas-1536x250.png 1536w, https:\/\/elcansancio.com\/wp-content\/uploads\/2023\/04\/entradas-2048x333.png 2048w, https:\/\/elcansancio.com\/wp-content\/uploads\/2023\/04\/entradas-1568x255.png 1568w\" sizes=\"auto, (max-width: 256px) 100vw, 256px\" \/><\/a><\/figure>\n<\/div>\n\n\n<hr class=\"wp-block-separator has-text-color has-white-color has-alpha-channel-opacity has-white-background-color has-background is-style-dots\"\/>\n\n\n\n<h3 class=\"wp-block-heading has-text-align-center has-white-color has-text-color has-large-font-size\"><strong>Un espect\u00e1culo de Berto Romero y El Cansancio<\/strong><\/h3>\n\n\n\n<p class=\"has-text-align-center has-white-color has-text-color\">con <strong>Berto Romero<\/strong><\/p>\n\n\n\n<p class=\"has-text-align-center has-white-color has-text-color has-extra-small-font-size\"><strong>Guitarra<\/strong>: Iv\u00e1n Lagarto<br><strong>Direcci\u00f3n<\/strong>: Berto Romero y Miquel Company<br><strong>Gui\u00f3n<\/strong>: Berto Romero, Rafel Barcel\u00f3 y Tom\u00e0s Fuentes<br><strong>M\u00fasica<\/strong>: Miquel Company, Iv\u00e1n Lagarto y Berto Romero<br><strong>Producci\u00f3n<\/strong>: El Cansancio y MPC MANAGEMENT<\/p>\n\n\n\n<p class=\"has-text-align-center has-white-color has-text-color has-extra-small-font-size\"><strong>Coro<\/strong>: Messengers<br><strong>Estilismo<\/strong>: Serena Buselli<br><strong>Sastra<\/strong>: Rosa P\u00e9rez Cadenas<br><strong>Efectos especiales<\/strong>: DDT<\/p>\n\n\n\n<p class=\"has-text-align-center has-white-color has-text-color has-extra-small-font-size\"><strong>Escenograf\u00eda<\/strong>: Miquel Company<br><strong>Regidur\u00eda<\/strong>: Manel Mart\u00edn<br><strong>Montaje<\/strong>: Neoscreens<\/p>\n\n\n\n<p class=\"has-text-align-center has-white-color has-text-color has-extra-small-font-size\"><strong>Pintura cartel<\/strong>: Albert Bonet<br><strong>Fotograf\u00eda<\/strong>: Lander Larra\u00f1aga<br><strong>Cartel<\/strong>: Silvia Mu\u00f1oz<\/p>\n\n\n\n<p class=\"has-text-align-center has-white-color has-text-color has-extra-small-font-size\"><strong>Grabaci\u00f3n coro<\/strong>: Christian Rey Nagel<\/p>\n\n\n\n<p class=\"has-text-align-center has-white-color has-text-color has-extra-small-font-size\"><strong>Representante<\/strong>: Manel Portome\u00f1e (MPC MANAGEMENT)<\/p>\n\n\n\n<p class=\"has-text-align-center has-white-color has-text-color has-extra-small-font-size\"><strong>Con la colaboraci\u00f3n<\/strong> de El Medi, Ramon Franch Gass\u00f3,<br>Marc Mateu, Justo Gallego y Jos\u00e9 P\u00e9rez Oca\u00f1a<\/p>\n","protected":false},"excerpt":{"rendered":"<p>Un espect\u00e1culo de Berto Romero y El Cansancio con Berto Romero Guitarra: Iv\u00e1n LagartoDirecci\u00f3n: Berto Romero y Miquel CompanyGui\u00f3n: Berto Romero, Rafel Barcel\u00f3 y Tom\u00e0s FuentesM\u00fasica: Miquel Company, Iv\u00e1n Lagarto y Berto RomeroProducci\u00f3n: El Cansancio y MPC MANAGEMENT Coro: MessengersEstilismo: Serena BuselliSastra: Rosa P\u00e9rez CadenasEfectos especiales: DDT Escenograf\u00eda: Miquel CompanyRegidur\u00eda: Manel Mart\u00ednMontaje: Neoscreens Pintura cartel:&hellip; <a class=\"more-link\" href=\"https:\/\/elcansancio.com\/\">Seguir leyendo <span class=\"screen-reader-text\">Lo Nunca Visto<\/span><\/a><\/p>\n","protected":false},"author":1,"featured_media":0,"parent":0,"menu_order":0,"comment_status":"closed","ping_status":"closed","template":"","meta":{"footnotes":""},"class_list":["post-12","page","type-page","status-publish","hentry","entry"],"_links":{"self":[{"href":"https:\/\/elcansancio.com\/index.php?rest_route=\/wp\/v2\/pages\/12","targetHints":{"allow":["GET"]}}],"collection":[{"href":"https:\/\/elcansancio.com\/index.php?rest_route=\/wp\/v2\/pages"}],"about":[{"href":"https:\/\/elcansancio.com\/index.php?rest_route=\/wp\/v2\/types\/page"}],"author":[{"embeddable":true,"href":"https:\/\/elcansancio.com\/index.php?rest_route=\/wp\/v2\/users\/1"}],"replies":[{"embeddable":true,"href":"https:\/\/elcansancio.com\/index.php?rest_route=%2Fwp%2Fv2%2Fcomments&post=12"}],"version-history":[{"count":19,"href":"https:\/\/elcansancio.com\/index.php?rest_route=\/wp\/v2\/pages\/12\/revisions"}],"predecessor-version":[{"id":49,"href":"https:\/\/elcansancio.com\/index.php?rest_route=\/wp\/v2\/pages\/12\/revisions\/49"}],"wp:attachment":[{"href":"https:\/\/elcansancio.com\/index.php?rest_route=%2Fwp%2Fv2%2Fmedia&parent=12"}],"curies":[{"name":"wp","href":"https:\/\/api.w.org\/{rel}","templated":true}]}}